{"id":48,"date":"2019-06-09T19:06:07","date_gmt":"2019-06-09T22:06:07","guid":{"rendered":"http:\/\/www.marcoalum.cl\/?page_id=48"},"modified":"2019-06-29T22:02:36","modified_gmt":"2019-06-30T01:02:36","slug":"servicio","status":"publish","type":"page","link":"http:\/\/www.marcoalum.cl\/index.php\/servicio\/","title":{"rendered":"Servicios"},"content":{"rendered":"\n<p><strong>Baranda &#8211; Pizarras -Puertas de Cristal:<\/strong><\/p>\n\n\n\n<p>Se utiliza cristales templados para mayor seguridad, dimensi\u00f3n\ny grosor seg\u00fan obra. <\/p>\n\n\n\n<p>Herrajes cromados o acero inoxidable.&nbsp;&nbsp;&nbsp;&nbsp;&nbsp;&nbsp;&nbsp;&nbsp;&nbsp;&nbsp;&nbsp;&nbsp;&nbsp;&nbsp;&nbsp;&nbsp;&nbsp;&nbsp;&nbsp;&nbsp;&nbsp;&nbsp;&nbsp;&nbsp;&nbsp;&nbsp;&nbsp;&nbsp;&nbsp;&nbsp;&nbsp;&nbsp;&nbsp;&nbsp;&nbsp;&nbsp;&nbsp;&nbsp;&nbsp;&nbsp;&nbsp;&nbsp;&nbsp;&nbsp;&nbsp;&nbsp;&nbsp;&nbsp;&nbsp;&nbsp;&nbsp;&nbsp;&nbsp;&nbsp;&nbsp;&nbsp;&nbsp;&nbsp;&nbsp;&nbsp;&nbsp;&nbsp;&nbsp;&nbsp;&nbsp;&nbsp;&nbsp;&nbsp;&nbsp;\n<\/p>\n\n\n\n<p>Puertas Protex con herrajes Olimpia o Dorman <\/p>\n\n\n\n<p><strong>Cierre de terraza<\/strong>:<\/p>\n\n\n\n<p>Se utiliza ventanas o fijos en aluminio o PVC, seg\u00fan lo\nrequerido por el cliente. <\/p>\n\n\n\n<p>Una gama de colores en aluminio o PVC.<\/p>\n\n\n\n<p>Se puede utilizar cristal monol\u00edtico o termopanel en PVC o\naluminio <\/p>\n\n\n\n<p><strong>Cristales<\/strong>:<\/p>\n\n\n\n<p>Cubiertas de cristales de 12, 15y 19 mm, monol\u00edticas o templadas con su pulido recto y redondo. <\/p>\n\n\n\n<p><strong>Enmarcaciones: <\/strong><\/p>\n\n\n\n<p>Grecas, lacadas, r\u00fasticas,\nnaturales, marco revestido en espejo.<\/p>\n\n\n\n<p>Enmarcaciones de \u00f3leos, reproducciones, diplomas, grabados, camisetas, t\u00edtulos, aguayos, telares, fotos. mapas, puzzle y espejos.<\/p>\n\n\n\n<p><strong>Espejos:<\/strong><\/p>\n\n\n\n<p>Utilizamos espejo belga de 3 mm, 4 mm y 5 mm. Plancha total\nde 321 x 225 mm.<\/p>\n\n\n\n<p>Tipo de espejos: incoloro y bronce. <\/p>\n\n\n\n<p>Espejos biselados, enmarcados y espejo flotante. &nbsp;&nbsp;&nbsp;&nbsp;&nbsp;&nbsp;&nbsp;&nbsp;&nbsp;&nbsp;&nbsp;&nbsp;&nbsp;&nbsp;&nbsp;&nbsp;&nbsp;&nbsp;&nbsp;&nbsp;&nbsp;&nbsp;&nbsp;&nbsp;&nbsp;&nbsp;&nbsp;&nbsp;&nbsp;&nbsp;&nbsp;&nbsp;&nbsp;&nbsp;&nbsp;&nbsp;&nbsp;&nbsp;&nbsp;&nbsp;&nbsp;&nbsp;&nbsp;&nbsp;&nbsp;&nbsp;&nbsp;&nbsp;&nbsp;&nbsp;&nbsp;&nbsp;&nbsp;&nbsp;&nbsp;&nbsp;&nbsp;&nbsp;&nbsp;&nbsp;&nbsp;&nbsp;&nbsp;&nbsp;&nbsp;&nbsp;<\/p>\n\n\n\n<p>Medidas y espesor seg\u00fan medida el vano.<\/p>\n\n\n\n<p>Sellos con la mejor calidad en silicona especial para instalaci\u00f3n de espejos. <\/p>\n\n\n\n<p><strong>Lucarna<\/strong><\/p>\n\n\n\n<p>Tipo de cristal que se puede utilizar: templado, laminado, termopanel\ncon una cara laminada. <\/p>\n\n\n\n<p>Espesor del cristal seg\u00fan la norma del vano. <\/p>\n\n\n\n<p>Medidas y espesor seg\u00fan el vano. <\/p>\n\n\n\n<p><strong>Puertas y ventanas de Alumnio:<\/strong><\/p>\n\n\n\n<p>&nbsp;Con cristales monol\u00edticos,\nlaminados y termopaneles.<\/p>\n\n\n\n<p>&nbsp;Colores mate, bronce, titanio, blanco e imitaci\u00f3n madera. <\/p>\n\n\n\n<p><strong>Puertas y ventanas de PVC:<\/strong><\/p>\n\n\n\n<p>&nbsp;Con cristales monol\u00edticos,\nlaminados y termopaneles.<\/p>\n\n\n\n<p>Colores blanco, pirita, roble, dorado, nogal y negro. <\/p>\n\n\n\n<p><strong>Shower door:<\/strong> <\/p>\n\n\n\n<p>Pueden ser en aluminio con acr\u00edlico en recept\u00e1culo, corredera,\nfijo, puerta batiente y corredera en cristal templado para mayor seguridad,\nincoloro o sat\u00edn. <\/p>\n\n\n\n<p>Espesores seg\u00fan su medida. <\/p>\n\n\n\n<p><strong>Termopaneles<\/strong>:<\/p>\n\n\n\n<p>Cristales con aislaci\u00f3n t\u00e9rmica seg\u00fan su instalaci\u00f3n.&nbsp; Productos trabajados, termopanel ac\u00fastico, termopanel\nsolar, termopanel aislaci\u00f3n t\u00e9rmica con palillaje interior. <\/p>\n\n\n\n<p>Se realizan reposici\u00f3n o nuevos.<\/p>\n\n\n\n<p><strong>Reparaciones:<\/strong> <\/p>\n\n\n\n<p>Realizamos reparaci\u00f3n en ventanas, puertas de Alumnio y PVC <\/p>\n\n\n\n<p class=\"has-medium-font-size\"><strong>Realizamos cambios de cristales monol\u00edticos\u00a0 dentro de 24 horas<\/strong><br><br> <\/p>\n","protected":false},"excerpt":{"rendered":"<p>Baranda &#8211; Pizarras -Puertas de Cristal: Se utiliza cristales templados para mayor seguridad, dimensi\u00f3n y grosor seg\u00fan obra. Herrajes cromados [&hellip;]<\/p>\n","protected":false},"author":1,"featured_media":0,"parent":0,"menu_order":0,"comment_status":"closed","ping_status":"closed","template":"page-templates\/pagebuilder.php","meta":[],"_links":{"self":[{"href":"http:\/\/www.marcoalum.cl\/index.php\/wp-json\/wp\/v2\/pages\/48"}],"collection":[{"href":"http:\/\/www.marcoalum.cl\/index.php\/wp-json\/wp\/v2\/pages"}],"about":[{"href":"http:\/\/www.marcoalum.cl\/index.php\/wp-json\/wp\/v2\/types\/page"}],"author":[{"embeddable":true,"href":"http:\/\/www.marcoalum.cl\/index.php\/wp-json\/wp\/v2\/users\/1"}],"replies":[{"embeddable":true,"href":"http:\/\/www.marcoalum.cl\/index.php\/wp-json\/wp\/v2\/comments?post=48"}],"version-history":[{"count":26,"href":"http:\/\/www.marcoalum.cl\/index.php\/wp-json\/wp\/v2\/pages\/48\/revisions"}],"predecessor-version":[{"id":638,"href":"http:\/\/www.marcoalum.cl\/index.php\/wp-json\/wp\/v2\/pages\/48\/revisions\/638"}],"wp:attachment":[{"href":"http:\/\/www.marcoalum.cl\/index.php\/wp-json\/wp\/v2\/media?parent=48"}],"curies":[{"name":"wp","href":"https:\/\/api.w.org\/{rel}","templated":true}]}}